{"id":1136,"date":"2023-09-23T22:29:45","date_gmt":"2023-09-24T03:29:45","guid":{"rendered":"https:\/\/retoquex.com\/?post_type=product&#038;p=1136"},"modified":"2023-09-23T22:53:03","modified_gmt":"2023-09-24T03:53:03","slug":"removedor-de-esmalte-60-ml","status":"publish","type":"product","link":"https:\/\/retoquex.com\/index.php\/producto\/removedor-de-esmalte-60-ml\/","title":{"rendered":"REMOVEDOR DE ESMALTE 60 ML"},"content":{"rendered":"<p>El removedor de esmalte es un producto esencial en cualquier kit de cuidado de u\u00f1as. Ayuda a eliminar de manera efectiva y r\u00e1pida el esmalte anterior, permitiendo que tus u\u00f1as respiren y est\u00e9n listas para una nueva aplicaci\u00f3n. Aseg\u00farate de elegir un removedor de esmalte de calidad que sea suave con tus u\u00f1as y cut\u00edculas, para mantenerlas fuertes y saludables. \u00a1Listo para renovar tu manicura!<\/p>\n","protected":false},"excerpt":{"rendered":"<p>Ayuda a eliminar de manera efectiva y r\u00e1pida el esmalte anterior, permitiendo que tus u\u00f1as respiren y est\u00e9n listas para una nueva aplicaci\u00f3n.<\/p>\n","protected":false},"featured_media":1139,"comment_status":"open","ping_status":"closed","template":"","meta":{"site-sidebar-layout":"default","site-content-layout":"","ast-site-content-layout":"default","site-content-style":"default","site-sidebar-style":"default","ast-global-header-display":"","ast-banner-title-visibility":"","ast-main-header-display":"","ast-hfb-above-header-display":"","ast-hfb-below-header-display":"","ast-hfb-mobile-header-display":"","site-post-title":"","ast-breadcrumbs-content":"","ast-featured-img":"","footer-sml-layout":"","theme-transparent-header-meta":"default","adv-header-id-meta":"","stick-header-meta":"","header-above-stick-meta":"","header-main-stick-meta":"","header-below-stick-meta":"","astra-migrate-meta-layouts":"set"},"product_cat":[35],"product_tag":[],"_links":{"self":[{"href":"https:\/\/retoquex.com\/index.php\/wp-json\/wp\/v2\/product\/1136"}],"collection":[{"href":"https:\/\/retoquex.com\/index.php\/wp-json\/wp\/v2\/product"}],"about":[{"href":"https:\/\/retoquex.com\/index.php\/wp-json\/wp\/v2\/types\/product"}],"replies":[{"embeddable":true,"href":"https:\/\/retoquex.com\/index.php\/wp-json\/wp\/v2\/comments?post=1136"}],"wp:featuredmedia":[{"embeddable":true,"href":"https:\/\/retoquex.com\/index.php\/wp-json\/wp\/v2\/media\/1139"}],"wp:attachment":[{"href":"https:\/\/retoquex.com\/index.php\/wp-json\/wp\/v2\/media?parent=1136"}],"wp:term":[{"taxonomy":"product_cat","embeddable":true,"href":"https:\/\/retoquex.com\/index.php\/wp-json\/wp\/v2\/product_cat?post=1136"},{"taxonomy":"product_tag","embeddable":true,"href":"https:\/\/retoquex.com\/index.php\/wp-json\/wp\/v2\/product_tag?post=1136"}],"curies":[{"name":"wp","href":"https:\/\/api.w.org\/{rel}","templated":true}]}}